{"id":30,"date":"2025-11-01T15:44:34","date_gmt":"2025-11-01T12:44:34","guid":{"rendered":"https:\/\/sirnaktaksi724.com\/?page_id=30"},"modified":"2025-11-30T00:40:57","modified_gmt":"2025-11-29T21:40:57","slug":"iletisim","status":"publish","type":"page","link":"https:\/\/sirnaktaksi724.com\/?page_id=30","title":{"rendered":"\u0130leti\u015fim"},"content":{"rendered":"\t\t<div data-elementor-type=\"wp-page\" data-elementor-id=\"30\" class=\"elementor elementor-30\">\n\t\t\t\t<div class=\"elementor-element elementor-element-6c491e81 e-con-full animated-fast e-flex elementor-invisible e-con e-parent\" data-id=\"6c491e81\" data-element_type=\"container\" data-e-type=\"container\" data-settings=\"{&quot;animation&quot;:&quot;fadeIn&quot;}\">\n\t\t\t\t<div class=\"elementor-element elementor-element-175c89eb elementor-widget elementor-widget-contact\" data-id=\"175c89eb\" data-element_type=\"widget\" data-e-type=\"widget\" data-settings=\"{&quot;map_shape&quot;:&quot;custom&quot;,&quot;box_shape&quot;:&quot;custom&quot;,&quot;layout_column_structure&quot;:&quot;50-50&quot;,&quot;map_position_horizontal&quot;:&quot;end&quot;,&quot;map_position_horizontal_tablet&quot;:&quot;end&quot;,&quot;map_position_horizontal_mobile&quot;:&quot;end&quot;}\" data-widget_type=\"contact.default\">\n\t\t\t\t<div class=\"elementor-widget-container\">\n\t\t\t\t\t\t\t<div class=\"has-shape-custom shape-type-box ehp-contact has-preset-locate\">\n\t\t\t<div class=\"ehp-contact__overlay\"><\/div>\n\t\t\t<div class=\"has-column-structure-50-50  ehp-contact__elements-container has-map-h-position-end has-map-h-position-md-end has-map-h-position-sm-end\">\n\t\t\t\t\t\t<div class=\"ehp-contact__text-container\">\n\t\t\t<div class=\"ehp-contact__headings\">\n\t\t\t\t<h2 class=\"ehp-contact__heading\">Bize Ula\u015f\u0131n<\/h2><p class=\"ehp-contact__description\">Nerede olursan\u0131z olun, bir telefon kadar yak\u0131n\u0131z! Hemen aray\u0131n, dakikalar i\u00e7inde yan\u0131n\u0131zday\u0131z.<\/p>\t\t\t<\/div>\n\t\t\t<div class=\"ehp-contact__groups\">\n\t\t\t\t\t\t<div class=\"ehp-contact__group\">\n\t\t\t<h3 class=\"ehp-contact__subheading\">Bir Telefona oraday\u0131z.<\/h3>\t\t<div class=\"ehp-contact__links-container\">\n\t\t\t\t\t\t\t<a aria-label=\"Cep numaram\u0131z +905379723338\" class=\"ehp-contact__contact-link\" href=\"tel:+905379723338\" rel=\"noopener noreferrer\">\n\t\t\t\t\t<svg aria-hidden=\"true\" class=\"ehp-contact__contact-link-icon e-font-icon-svg e-fas-phone-alt\" viewBox=\"0 0 512 512\" xmlns=\"http:\/\/www.w3.org\/2000\/svg\"><path d=\"M497.39 361.8l-112-48a24 24 0 0 0-28 6.9l-49.6 60.6A370.66 370.66 0 0 1 130.6 204.11l60.6-49.6a23.94 23.94 0 0 0 6.9-28l-48-112A24.16 24.16 0 0 0 122.6.61l-104 24A24 24 0 0 0 0 48c0 256.5 207.9 464 464 464a24 24 0 0 0 23.4-18.6l24-104a24.29 24.29 0 0 0-14.01-27.6z\"><\/path><\/svg><span class=\"ehp-contact__contact-link-label\">Cep numaram\u0131z +905379723338<\/span>\t\t\t\t<\/a>\n\t\t\t\t\t\t\t\t<a aria-label=\"Whatsapp i\u00e7in...\" class=\"ehp-contact__contact-link\" href=\"https:\/\/wa.me\/905379723338\" rel=\"noopener noreferrer\" target=\"_blank\">\n\t\t\t\t\t<svg aria-hidden=\"true\" class=\"ehp-contact__contact-link-icon e-font-icon-svg e-fas-phone-alt\" viewBox=\"0 0 512 512\" xmlns=\"http:\/\/www.w3.org\/2000\/svg\"><path d=\"M497.39 361.8l-112-48a24 24 0 0 0-28 6.9l-49.6 60.6A370.66 370.66 0 0 1 130.6 204.11l60.6-49.6a23.94 23.94 0 0 0 6.9-28l-48-112A24.16 24.16 0 0 0 122.6.61l-104 24A24 24 0 0 0 0 48c0 256.5 207.9 464 464 464a24 24 0 0 0 23.4-18.6l24-104a24.29 24.29 0 0 0-14.01-27.6z\"><\/path><\/svg><span class=\"ehp-contact__contact-link-label\">Whatsapp i\u00e7in...<\/span>\t\t\t\t<\/a>\n\t\t\t\t\t\t<\/div>\n\t\t\t\t<\/div>\n\t\t\t\t<div class=\"ehp-contact__group\">\n\t\t\t<h3 class=\"ehp-contact__subheading\">Mesai Saatlerimiz<\/h3><p class=\"ehp-contact__contact-text\">7\/24 Hizmetinizdeyiz.<\/p>\t\t<\/div>\n\t\t\t\t\t<\/div>\n\t\t<\/div>\n\t\t\t\t<div class=\"ehp-contact__map-container\">\n\t\t\t<div class=\"has-shape-custom shape-type-map ehp-contact__map elementor-custom-embed has-border\">\n\t\t\t\t<iframe loading=\"lazy\"\n\t\t\t\t\t\tsrc=\"https:\/\/maps.google.com\/maps?q=%C5%9EIRNAK&#038;t=m&#038;z=14&#038;output=embed&#038;iwloc=near\"\n\t\t\t\t\t\ttitle=\"\u015eIRNAK\"\n\t\t\t\t\t\taria-label=\"\u015eIRNAK\"\n\t\t\t\t><\/iframe>\n\t\t\t<\/div>\n\t\t<\/div>\n\t\t\t\t\t<\/div>\n\t\t<\/div>\n\t\t\t\t\t\t<\/div>\n\t\t\t\t<\/div>\n\t\t\t\t<\/div>\n\t\t\t\t<\/div>\n\t\t","protected":false},"excerpt":{"rendered":"<p>Bize Ula\u015f\u0131n Nerede olursan\u0131z olun, bir telefon kadar yak\u0131n\u0131z! Hemen aray\u0131n, dakikalar i\u00e7inde yan\u0131n\u0131zday\u0131z. Bir Telefona oraday\u0131z. Cep numaram\u0131z +905379723338 Whatsapp i\u00e7in&#8230; Mesai Saatlerimiz 7\/24 Hizmetinizdeyiz.<\/p>\n","protected":false},"author":1,"featured_media":0,"parent":0,"menu_order":0,"comment_status":"closed","ping_status":"closed","template":"elementor_header_footer","meta":{"footnotes":""},"class_list":["post-30","page","type-page","status-publish","hentry"],"_links":{"self":[{"href":"https:\/\/sirnaktaksi724.com\/index.php?rest_route=\/wp\/v2\/pages\/30","targetHints":{"allow":["GET"]}}],"collection":[{"href":"https:\/\/sirnaktaksi724.com\/index.php?rest_route=\/wp\/v2\/pages"}],"about":[{"href":"https:\/\/sirnaktaksi724.com\/index.php?rest_route=\/wp\/v2\/types\/page"}],"author":[{"embeddable":true,"href":"https:\/\/sirnaktaksi724.com\/index.php?rest_route=\/wp\/v2\/users\/1"}],"replies":[{"embeddable":true,"href":"https:\/\/sirnaktaksi724.com\/index.php?rest_route=%2Fwp%2Fv2%2Fcomments&post=30"}],"version-history":[{"count":56,"href":"https:\/\/sirnaktaksi724.com\/index.php?rest_route=\/wp\/v2\/pages\/30\/revisions"}],"predecessor-version":[{"id":413,"href":"https:\/\/sirnaktaksi724.com\/index.php?rest_route=\/wp\/v2\/pages\/30\/revisions\/413"}],"wp:attachment":[{"href":"https:\/\/sirnaktaksi724.com\/index.php?rest_route=%2Fwp%2Fv2%2Fmedia&parent=30"}],"curies":[{"name":"wp","href":"https:\/\/api.w.org\/{rel}","templated":true}]}}