{"id":25,"date":"2025-11-01T15:44:31","date_gmt":"2025-11-01T12:44:31","guid":{"rendered":"https:\/\/sirnaktaksi724.com\/?page_id=25"},"modified":"2025-11-30T00:41:11","modified_gmt":"2025-11-29T21:41:11","slug":"sikayet","status":"publish","type":"page","link":"https:\/\/sirnaktaksi724.com\/?page_id=25","title":{"rendered":"\u0130stek ve \u015eikayet"},"content":{"rendered":"\t\t<div data-elementor-type=\"wp-page\" data-elementor-id=\"25\" class=\"elementor elementor-25\">\n\t\t\t\t<div class=\"elementor-element elementor-element-8e80b66 e-flex e-con-boxed e-con e-parent\" data-id=\"8e80b66\" data-element_type=\"container\" data-e-type=\"container\">\n\t\t\t\t\t<div class=\"e-con-inner\">\n\t\t<div class=\"elementor-element elementor-element-979bfef e-con-full e-flex e-con e-child\" data-id=\"979bfef\" data-element_type=\"container\" data-e-type=\"container\">\n\t\t\t\t<div class=\"elementor-element elementor-element-e14645d elementor-widget elementor-widget-ehp-form\" data-id=\"e14645d\" data-element_type=\"widget\" data-e-type=\"widget\" data-settings=\"{&quot;layout_preset&quot;:&quot;quick-connect&quot;,&quot;button_width&quot;:&quot;100&quot;,&quot;button_shape&quot;:&quot;default&quot;,&quot;box_shape&quot;:&quot;sharp&quot;}\" data-widget_type=\"ehp-form.default\">\n\t\t\t\t<div class=\"elementor-widget-container\">\n\t\t\t\t\t\t\t<form class=\"has-shape-sharp shape-type-box ehp-form has-layout-preset-quick-connect\" name=\"DilekceFormu\" method=\"post\" id=\"\">\n\t\t\t\t\t<div class=\"ehp-form__text-container\">\n\t\t\t<h2 class=\"ehp-form__heading\">Dilek, \u0130stek ve \u015eikayet Formu<\/h2><p class=\"ehp-form__description\">G\u00f6r\u00fc\u015fleriniz bizim i\u00e7in \u00e7ok de\u011ferli!\nHizmet kalitemizi art\u0131rmak ve size daha iyi bir deneyim sunmak i\u00e7in her t\u00fcrl\u00fc dilek, \u00f6neri ve \u015fikayetinizi bizimle payla\u015fabilirsiniz.<\/p>\t\t<\/div>\n\t\t\t\t\t<input type=\"hidden\" name=\"post_id\" value=\"25\"\/>\n\t\t\t<input type=\"hidden\" name=\"form_id\" value=\"e14645d\"\/>\n\t\t\t<input type=\"hidden\" name=\"referer_title\" value=\"\u0130stek Ve \u015eikayet | \u015e\u0131rnak Tuncay Taksi\"\/>\n\n\t\t\t\t\t\t\t<input type=\"hidden\" name=\"queried_id\" value=\"25\"\/>\n\t\t\t\n\t\t\t<div class=\"ehp-form__content\">\n\t\t\t\t\t\t\t\t<div class=\"ehp-form__wrapper\">\n\t\t\t\t\t\t\t\t\t\t\t<div class=\"ehp-form__field-group is-field-type-text is-field-group-name has-width-50 has-width-md-100 has-width-sm-100 is-field-required is-mark-required has-border has-shape-round\">\n\t\t\t\t\t\t\t\t\t\t\t\t\t\t\t<label for=\"form-field-name\" class=\"ehp-form__field-label\">\n\t\t\t\t\t\t\t\t\tAd\u0131n\u0131z ve Soyad\u0131n\u0131z\t\t\t\t\t\t\t\t<\/label>\n\t\t\t\t\t\t\t\t\t\t\t\t\t\t\t\t\t<input size=\"1\" type=\"text\" name=\"form_fields[name]\" id=\"form-field-name\" class=\"ehp-form__field elementor-size-sm  elementor-field-textual\" placeholder=\"Ad\u0131n\u0131z ve Soyad\u0131n\u0131z\" required=\"required\" aria-required=\"true\">\n\t\t\t\t\t\t\t\t\t\t\t\t\t\t\t<\/div>\n\t\t\t\t\t\t\t\t\t\t\t<div class=\"ehp-form__field-group is-field-type-email is-field-group-email has-width-100 has-width-md-100 has-width-sm-100 is-field-required is-mark-required has-border has-shape-round\">\n\t\t\t\t\t\t\t\t\t\t\t\t\t\t\t<label for=\"form-field-email\" class=\"ehp-form__field-label\">\n\t\t\t\t\t\t\t\t\tE-posta adresiniz\t\t\t\t\t\t\t\t<\/label>\n\t\t\t\t\t\t\t\t\t\t\t\t\t\t\t\t\t<input size=\"1\" type=\"email\" name=\"form_fields[email]\" id=\"form-field-email\" class=\"ehp-form__field elementor-size-sm  elementor-field-textual\" placeholder=\"E-posta adresinizi yaz\u0131n\u0131z.\" required=\"required\" aria-required=\"true\">\n\t\t\t\t\t\t\t\t\t\t\t\t\t\t\t<\/div>\n\t\t\t\t\t\t\t\t\t\t\t<div class=\"ehp-form__field-group is-field-type-textarea is-field-group-message has-width-100 has-width-md-100 has-width-sm-100 is-field-required is-mark-required has-border has-shape-round\">\n\t\t\t\t\t\t\t\t\t\t\t\t\t\t\t<label for=\"form-field-message\" class=\"ehp-form__field-label\">\n\t\t\t\t\t\t\t\t\tMesaj\u0131n\u0131z...\t\t\t\t\t\t\t\t<\/label>\n\t\t\t\t\t\t\t\t<textarea class=\"elementor-field-textual ehp-form__field eph-form__textarea  elementor-size-sm\" name=\"form_fields[message]\" id=\"form-field-message\" rows=\"5\" placeholder=\"Mesaj\u0131n\u0131z\u0131 Buraya Yaz\u0131n\u0131z...\" required=\"required\"><\/textarea>\t\t\t\t\t\t<\/div>\n\t\t\t\t\t\t\t\t\t\t\t\t<div class=\"ehp-form__submit-group has-width-100\">\n\t\t\t<button class=\"has-shape-default shape-type-button ehp-form__button is-type-button\" type=\"submit\">\n\t\t\t\t\t\t\t\t\t\t\t\t\t\n\t\t\t\t\t\t\t\t\t<span class=\"ehp-form__button-text\">G\u00f6nder<\/span>\n\t\t\t\t\t\t\t<\/button>\n\t\t<\/div>\n\t\t\t\t\t\t<\/div>\n\t\t\t<\/div>\n\t\t\t<div class=\"ehp-form__overlay\"><\/div>\n\t\t<\/form>\n\t\t\t\t\t\t<\/div>\n\t\t\t\t<\/div>\n\t\t\t\t<\/div>\n\t\t\t\t\t<\/div>\n\t\t\t\t<\/div>\n\t\t<div class=\"elementor-element elementor-element-3663e91 e-flex e-con-boxed e-con e-parent\" data-id=\"3663e91\" data-element_type=\"container\" data-e-type=\"container\">\n\t\t\t\t\t<div class=\"e-con-inner\">\n\t\t\t\t<div class=\"elementor-element elementor-element-b3e188a elementor-widget elementor-widget-text-editor\" data-id=\"b3e188a\" data-element_type=\"widget\" data-e-type=\"widget\" data-widget_type=\"text-editor.default\">\n\t\t\t\t\t\t\t\t\t<!-- KVKK & Gizlilik Popup -->\n<div id=\"infoPopup\" class=\"popup\">\n  <div class=\"popup-content\">\n    <h3>KVKK ve Gizlilik Bilgilendirmesi<\/h3>\n    <p>\n      Web sitemizi ziyaret ederek <strong>6698 Say\u0131l\u0131 Ki\u015fisel Verilerin Korunmas\u0131 Kanunu (KVKK)<\/strong> \n      ve <strong>Gizlilik S\u00f6zle\u015fmesi<\/strong> h\u00fck\u00fcmleri kapsam\u0131nda ki\u015fisel verilerinizin i\u015flenmesine \n      onay vermektesiniz. Ki\u015fisel verileriniz yaln\u0131zca ileti\u015fim ve hizmet kalitesinin art\u0131r\u0131lmas\u0131 \n      amac\u0131yla kullan\u0131lacakt\u0131r.\n    <\/p>\n    <p>\n      <a href=\"#\" id=\"openKVKK\">KVKK Metni<\/a> \u2022 \n      <a href=\"#\" id=\"openGizlilik\">Gizlilik S\u00f6zle\u015fmesi<\/a>\n    <\/p>\n    <div class=\"popup-buttons\">\n      <button id=\"acceptPopup\">Kabul Ediyorum<\/button>\n    <\/div>\n  <\/div>\n<\/div>\n\n<!-- KVKK ALT POPUP -->\n<div id=\"kvkkPopup\" class=\"popup\">\n  <div class=\"popup-content\">\n    <h3>KVKK Metni<\/h3>\n    <p>\n      Bu site arac\u0131l\u0131\u011f\u0131yla toplanan ki\u015fisel veriler, yaln\u0131zca hizmet sunmak ve sizinle ileti\u015fim kurmak amac\u0131yla kullan\u0131lacakt\u0131r.\n      Ki\u015fisel verileriniz, 6698 say\u0131l\u0131 KVKK kapsam\u0131nda korunmaktad\u0131r.\n    <\/p>\n    <button class=\"close-popup\" data-close=\"kvkkPopup\">Kapat<\/button>\n  <\/div>\n<\/div>\n\n<!-- G\u0130ZL\u0130L\u0130K ALT POPUP -->\n<div id=\"gizlilikPopup\" class=\"popup\">\n  <div class=\"popup-content\">\n    <h3>Gizlilik S\u00f6zle\u015fmesi<\/h3>\n    <p>\n      Web sitemizde payla\u015ft\u0131\u011f\u0131n\u0131z bilgiler gizli tutulur, \u00fc\u00e7\u00fcnc\u00fc ki\u015filerle payla\u015f\u0131lmaz ve yaln\u0131zca belirtilen \n      ama\u00e7lar do\u011frultusunda kullan\u0131l\u0131r. Gizlilik politikam\u0131zla ilgili detaylar i\u00e7in bizimle ileti\u015fime ge\u00e7ebilirsiniz.\n    <\/p>\n    <button class=\"close-popup\" data-close=\"gizlilikPopup\">Kapat<\/button>\n  <\/div>\n<\/div>\n\n<!-- CSS -->\n<style>\n  .popup {\n    display: none;\n    position: fixed;\n    top: 0; left: 0;\n    width: 100%; height: 100%;\n    background: rgba(0, 0, 0, 0.75);\n    justify-content: center;\n    align-items: center;\n    z-index: 99999;\n  }\n\n  .popup-content {\n    background: #fff;\n    color: #000;\n    padding: 30px 40px;\n    border-radius: 12px;\n    max-width: 600px;\n    width: 90%;\n    text-align: left;\n    box-shadow: 0 0 25px rgba(0,0,0,0.4);\n  }\n\n  .popup-content h3 {\n    margin-top: 0;\n  }\n\n  .popup-content a {\n    color: #e4cfa3;\n    font-weight: 600;\n    text-decoration: underline;\n    cursor: pointer;\n  }\n\n  .popup-buttons {\n    display: flex;\n    justify-content: flex-end;\n    margin-top: 20px;\n  }\n\n  .popup-buttons button,\n  .close-popup {\n    background: #000;\n    color: #fff;\n    border: none;\n    padding: 10px 20px;\n    border-radius: 8px;\n    cursor: pointer;\n  }\n\n  .popup-buttons button:hover,\n  .close-popup:hover {\n    background: #333;\n  }\n<\/style>\n\n<!-- JS -->\n<script>\n  \/\/ Site a\u00e7\u0131ld\u0131\u011f\u0131nda KVKK popup'\u0131n\u0131 g\u00f6ster\n  window.addEventListener('load', function () {\n    document.getElementById('infoPopup').style.display = 'flex';\n  });\n\n  \/\/ Kabul butonuna bas\u0131ld\u0131\u011f\u0131nda popup kapan\u0131r\n  document.getElementById('acceptPopup').addEventListener('click', function () {\n    document.getElementById('infoPopup').style.display = 'none';\n  });\n\n  \/\/ Alt popup'lar\u0131 a\u00e7\n  document.getElementById('openKVKK').addEventListener('click', function (e) {\n    e.preventDefault();\n    document.getElementById('kvkkPopup').style.display = 'flex';\n  });\n\n  document.getElementById('openGizlilik').addEventListener('click', function (e) {\n    e.preventDefault();\n    document.getElementById('gizlilikPopup').style.display = 'flex';\n  });\n\n  \/\/ Alt popup'lar\u0131 kapat\n  document.querySelectorAll('.close-popup').forEach(btn => {\n    btn.addEventListener('click', function () {\n      document.getElementById(this.dataset.close).style.display = 'none';\n    });\n  });\n<\/script>\n\t\t\t\t\t\t\t\t<\/div>\n\t\t\t\t\t<\/div>\n\t\t\t\t<\/div>\n\t\t\t\t<\/div>\n\t\t","protected":false},"excerpt":{"rendered":"<p>KVKK ve Gizlilik Bilgilendirmesi Web sitemizi ziyaret ederek 6698 Say\u0131l\u0131 Ki\u015fisel Verilerin Korunmas\u0131 Kanunu (KVKK) ve Gizlilik S\u00f6zle\u015fmesi h\u00fck\u00fcmleri kapsam\u0131nda ki\u015fisel verilerinizin i\u015flenmesine onay vermektesiniz. Ki\u015fisel verileriniz yaln\u0131zca ileti\u015fim ve hizmet kalitesinin art\u0131r\u0131lmas\u0131 amac\u0131yla kullan\u0131lacakt\u0131r. KVKK Metni \u2022 Gizlilik S\u00f6zle\u015fmesi Kabul Ediyorum KVKK Metni Bu site arac\u0131l\u0131\u011f\u0131yla toplanan ki\u015fisel veriler, yaln\u0131zca hizmet sunmak ve sizinle [&hellip;]<\/p>\n","protected":false},"author":1,"featured_media":60,"parent":0,"menu_order":0,"comment_status":"closed","ping_status":"closed","template":"elementor_header_footer","meta":{"footnotes":""},"class_list":["post-25","page","type-page","status-publish","has-post-thumbnail","hentry"],"_links":{"self":[{"href":"https:\/\/sirnaktaksi724.com\/index.php?rest_route=\/wp\/v2\/pages\/25","targetHints":{"allow":["GET"]}}],"collection":[{"href":"https:\/\/sirnaktaksi724.com\/index.php?rest_route=\/wp\/v2\/pages"}],"about":[{"href":"https:\/\/sirnaktaksi724.com\/index.php?rest_route=\/wp\/v2\/types\/page"}],"author":[{"embeddable":true,"href":"https:\/\/sirnaktaksi724.com\/index.php?rest_route=\/wp\/v2\/users\/1"}],"replies":[{"embeddable":true,"href":"https:\/\/sirnaktaksi724.com\/index.php?rest_route=%2Fwp%2Fv2%2Fcomments&post=25"}],"version-history":[{"count":60,"href":"https:\/\/sirnaktaksi724.com\/index.php?rest_route=\/wp\/v2\/pages\/25\/revisions"}],"predecessor-version":[{"id":477,"href":"https:\/\/sirnaktaksi724.com\/index.php?rest_route=\/wp\/v2\/pages\/25\/revisions\/477"}],"wp:featuredmedia":[{"embeddable":true,"href":"https:\/\/sirnaktaksi724.com\/index.php?rest_route=\/wp\/v2\/media\/60"}],"wp:attachment":[{"href":"https:\/\/sirnaktaksi724.com\/index.php?rest_route=%2Fwp%2Fv2%2Fmedia&parent=25"}],"curies":[{"name":"wp","href":"https:\/\/api.w.org\/{rel}","templated":true}]}}